{"id":76,"date":"2020-05-05T09:53:16","date_gmt":"2020-05-05T07:53:16","guid":{"rendered":"http:\/\/7oroof.com\/tfdemos\/smartdata\/?page_id=76"},"modified":"2026-03-16T21:47:40","modified_gmt":"2026-03-16T20:47:40","slug":"nos-realisations","status":"publish","type":"page","link":"https:\/\/www.yephabitat.fr\/?page_id=76","title":{"rendered":"Nos R\u00e9alisations"},"content":{"rendered":"\t\t<div data-elementor-type=\"wp-page\" data-elementor-id=\"76\" class=\"elementor elementor-76\" data-elementor-post-type=\"page\">\n\t\t\t\t\t\t<section class=\"elementor-section elementor-top-section elementor-element elementor-element-95b6a13 elementor-section-boxed elementor-section-height-default elementor-section-height-default\" data-id=\"95b6a13\" data-element_type=\"section\" data-e-type=\"section\" data-settings=\"{&quot;background_background&quot;:&quot;classic&quot;,&quot;shape_divider_bottom&quot;:&quot;waves&quot;}\">\n\t\t\t\t\t\t\t<div class=\"elementor-background-overlay\"><\/div>\n\t\t\t\t\t\t<div class=\"elementor-shape elementor-shape-bottom\" aria-hidden=\"true\" data-negative=\"false\">\n\t\t\t<svg xmlns=\"http:\/\/www.w3.org\/2000\/svg\" viewBox=\"0 0 1000 100\" preserveAspectRatio=\"none\">\n\t<path class=\"elementor-shape-fill\" d=\"M421.9,6.5c22.6-2.5,51.5,0.4,75.5,5.3c23.6,4.9,70.9,23.5,100.5,35.7c75.8,32.2,133.7,44.5,192.6,49.7\n\tc23.6,2.1,48.7,3.5,103.4-2.5c54.7-6,106.2-25.6,106.2-25.6V0H0v30.3c0,0,72,32.6,158.4,30.5c39.2-0.7,92.8-6.7,134-22.4\n\tc21.2-8.1,52.2-18.2,79.7-24.2C399.3,7.9,411.6,7.5,421.9,6.5z\"\/>\n<\/svg>\t\t<\/div>\n\t\t\t\t\t<div class=\"elementor-container elementor-column-gap-default\">\n\t\t\t\t\t<div class=\"elementor-column elementor-col-50 elementor-top-column elementor-element elementor-element-0bf282f\" data-id=\"0bf282f\" data-element_type=\"column\" data-e-type=\"column\">\n\t\t\t<div class=\"elementor-widget-wrap elementor-element-populated\">\n\t\t\t\t\t\t<div class=\"elementor-element elementor-element-44619f0c elementor-widget elementor-widget-heading\" data-id=\"44619f0c\" data-element_type=\"widget\" data-e-type=\"widget\" data-widget_type=\"heading.default\">\n\t\t\t\t<div class=\"elementor-widget-container\">\n\t\t\t\t\t<h3 class=\"elementor-heading-title elementor-size-default\">Nos r\u00e9alisations photovolta\u00efques<\/h3>\t\t\t\t<\/div>\n\t\t\t\t<\/div>\n\t\t\t\t<div class=\"elementor-element elementor-element-f21b219 elementor-widget elementor-widget-text-editor\" data-id=\"f21b219\" data-element_type=\"widget\" data-e-type=\"widget\" data-widget_type=\"text-editor.default\">\n\t\t\t\t<div class=\"elementor-widget-container\">\n\t\t\t\t\t\t\t\t\t<p>Depuis plus de 15 ans, <b>Yep Habitat<\/b> accompagne les particuliers et professionnels dans leur <b>transition \u00e9nerg\u00e9tique en Occitanie<\/b>.<\/p><ul><li data-start=\"515\" data-end=\"631\">Chaque projet est unique.<\/li><li data-start=\"515\" data-end=\"631\">Chaque toiture raconte une histoire.<\/li><li data-start=\"515\" data-end=\"631\">Chaque installation est pens\u00e9e pour durer 30 ans.<\/li><\/ul><p data-start=\"633\" data-end=\"686\">D\u00e9couvrez quelques-unes de nos r\u00e9alisations solaires.<\/p>\t\t\t\t\t\t\t\t<\/div>\n\t\t\t\t<\/div>\n\t\t\t\t\t<\/div>\n\t\t<\/div>\n\t\t\t\t<div class=\"elementor-column elementor-col-50 elementor-top-column elementor-element elementor-element-e41b1d6 elementor-hidden-tablet elementor-hidden-mobile\" data-id=\"e41b1d6\" data-element_type=\"column\" data-e-type=\"column\">\n\t\t\t<div class=\"elementor-widget-wrap elementor-element-populated\">\n\t\t\t\t\t\t<div class=\"elementor-element elementor-element-23641e6 elementor-widget__width-initial elementor-invisible elementor-widget elementor-widget-image\" data-id=\"23641e6\" data-element_type=\"widget\" data-e-type=\"widget\" data-settings=\"{&quot;_animation&quot;:&quot;fadeInDown&quot;}\" data-widget_type=\"image.default\">\n\t\t\t\t<div class=\"elementor-widget-container\">\n\t\t\t\t\t\t\t\t\t\t\t\t\t\t\t<img decoding=\"async\" src=\"https:\/\/www.yephabitat.fr\/wp-content\/uploads\/elementor\/thumbs\/Forme-Yep-e1772012081441-rjo2rbzjt4qvkrldktngiz0sv3ji0qmyord9nugxoo.png\" title=\"Forme Yep\" alt=\"Forme Yep\" loading=\"lazy\" \/>\t\t\t\t\t\t\t\t\t\t\t\t\t\t\t<\/div>\n\t\t\t\t<\/div>\n\t\t\t\t\t<\/div>\n\t\t<\/div>\n\t\t\t\t\t<\/div>\n\t\t<\/section>\n\t\t\t\t<section class=\"elementor-section elementor-top-section elementor-element elementor-element-d7cc1cc elementor-section-boxed elementor-section-height-default elementor-section-height-default\" data-id=\"d7cc1cc\" data-element_type=\"section\" data-e-type=\"section\" data-settings=\"{&quot;shape_divider_top&quot;:&quot;waves&quot;}\">\n\t\t\t\t\t<div class=\"elementor-shape elementor-shape-top\" aria-hidden=\"true\" data-negative=\"false\">\n\t\t\t<svg xmlns=\"http:\/\/www.w3.org\/2000\/svg\" viewBox=\"0 0 1000 100\" preserveAspectRatio=\"none\">\n\t<path class=\"elementor-shape-fill\" d=\"M421.9,6.5c22.6-2.5,51.5,0.4,75.5,5.3c23.6,4.9,70.9,23.5,100.5,35.7c75.8,32.2,133.7,44.5,192.6,49.7\n\tc23.6,2.1,48.7,3.5,103.4-2.5c54.7-6,106.2-25.6,106.2-25.6V0H0v30.3c0,0,72,32.6,158.4,30.5c39.2-0.7,92.8-6.7,134-22.4\n\tc21.2-8.1,52.2-18.2,79.7-24.2C399.3,7.9,411.6,7.5,421.9,6.5z\"\/>\n<\/svg>\t\t<\/div>\n\t\t\t\t\t<div class=\"elementor-container elementor-column-gap-default\">\n\t\t\t\t\t<div class=\"elementor-column elementor-col-100 elementor-top-column elementor-element elementor-element-91bc05f\" data-id=\"91bc05f\" data-element_type=\"column\" data-e-type=\"column\">\n\t\t\t<div class=\"elementor-widget-wrap elementor-element-populated\">\n\t\t\t\t\t\t<div class=\"elementor-element elementor-element-2449434 elementor-pagination-type-bullets elementor-arrows-position-inside elementor-pagination-position-outside elementor-widget elementor-widget-loop-carousel\" data-id=\"2449434\" data-element_type=\"widget\" data-e-type=\"widget\" data-settings=\"{&quot;template_id&quot;:8217,&quot;_skin&quot;:&quot;post&quot;,&quot;slides_to_show&quot;:&quot;3&quot;,&quot;slides_to_show_tablet&quot;:&quot;2&quot;,&quot;slides_to_show_mobile&quot;:&quot;1&quot;,&quot;slides_to_scroll&quot;:&quot;1&quot;,&quot;edit_handle_selector&quot;:&quot;.elementor-loop-container&quot;,&quot;autoplay&quot;:&quot;yes&quot;,&quot;autoplay_speed&quot;:5000,&quot;pause_on_hover&quot;:&quot;yes&quot;,&quot;pause_on_interaction&quot;:&quot;yes&quot;,&quot;infinite&quot;:&quot;yes&quot;,&quot;speed&quot;:500,&quot;offset_sides&quot;:&quot;none&quot;,&quot;arrows&quot;:&quot;yes&quot;,&quot;pagination&quot;:&quot;bullets&quot;,&quot;image_spacing_custom&quot;:{&quot;unit&quot;:&quot;px&quot;,&quot;size&quot;:10,&quot;sizes&quot;:[]},&quot;image_spacing_custom_tablet&quot;:{&quot;unit&quot;:&quot;px&quot;,&quot;size&quot;:&quot;&quot;,&quot;sizes&quot;:[]},&quot;image_spacing_custom_mobile&quot;:{&quot;unit&quot;:&quot;px&quot;,&quot;size&quot;:&quot;&quot;,&quot;sizes&quot;:[]}}\" data-widget_type=\"loop-carousel.post\">\n\t\t\t\t<div class=\"elementor-widget-container\">\n\t\t\t\t\t\t\t<div class=\"swiper elementor-loop-container elementor-grid\" role=\"list\" dir=\"ltr\">\n\t\t\t\t<div class=\"swiper-wrapper\" aria-live=\"off\">\n\t\t<style id=\"loop-8217\">.elementor-widget-image .widget-image-caption{color:var( --e-global-color-text );font-family:var( --e-global-typography-text-font-family ), Sans-serif;font-weight:var( --e-global-typography-text-font-weight );}.elementor-8217 .elementor-element.elementor-element-972aed8{text-align:center;}.elementor-8217 .elementor-element.elementor-element-972aed8 img{width:28%;border-radius:26px 26px 26px 26px;}.elementor-8217 .elementor-element.elementor-element-972aed8 > .elementor-widget-container{border-radius:0px 0px 0px 0px;}.elementor-widget-heading .elementor-heading-title{font-family:var( --e-global-typography-primary-font-family ), Sans-serif;font-weight:var( --e-global-typography-primary-font-weight );color:var( --e-global-color-primary );}.elementor-8217 .elementor-element.elementor-element-b542d86 .elementor-heading-title{font-family:\"MISO\", Sans-serif;font-size:28px;font-weight:600;}.elementor-8217 .elementor-element.elementor-element-b542d86 > .elementor-widget-container{margin:-12px 0px 0px 0px;}.elementor-widget-text-editor{font-family:var( --e-global-typography-text-font-family ), Sans-serif;font-weight:var( --e-global-typography-text-font-weight );color:var( --e-global-color-text );}.elementor-widget-text-editor.elementor-drop-cap-view-stacked .elementor-drop-cap{background-color:var( --e-global-color-primary );}.elementor-widget-text-editor.elementor-drop-cap-view-framed .elementor-drop-cap, .elementor-widget-text-editor.elementor-drop-cap-view-default .elementor-drop-cap{color:var( --e-global-color-primary );border-color:var( --e-global-color-primary );}<\/style>\t\t<div data-elementor-type=\"loop-item\" data-elementor-id=\"8217\" class=\"elementor elementor-8217 swiper-slide e-loop-item e-loop-item-8763 post-8763 post type-post status-publish format-standard has-post-thumbnail hentry category-cloud-computing\" data-elementor-post-type=\"elementor_library\" role=\"group\" aria-roledescription=\"slide\" data-custom-edit-handle=\"1\">\n\t\t\t\t\t<section class=\"elementor-section elementor-top-section elementor-element elementor-element-76b54be elementor-section-boxed elementor-section-height-default elementor-section-height-default\" data-id=\"76b54be\" data-element_type=\"section\" data-e-type=\"section\">\n\t\t\t\t\t\t<div class=\"elementor-container elementor-column-gap-default\">\n\t\t\t\t\t<div class=\"elementor-column elementor-col-100 elementor-top-column elementor-element elementor-element-e666ceb\" data-id=\"e666ceb\" data-element_type=\"column\" data-e-type=\"column\">\n\t\t\t<div class=\"elementor-widget-wrap elementor-element-populated\">\n\t\t\t\t\t\t<div class=\"elementor-element elementor-element-972aed8 elementor-widget elementor-widget-image\" data-id=\"972aed8\" data-element_type=\"widget\" data-e-type=\"widget\" data-widget_type=\"image.default\">\n\t\t\t\t<div class=\"elementor-widget-container\">\n\t\t\t\t\t\t\t\t\t\t\t\t\t\t\t<img fetchpriority=\"high\" decoding=\"async\" width=\"800\" height=\"1000\" src=\"https:\/\/www.yephabitat.fr\/wp-content\/uploads\/2026\/02\/3-5-819x1024.png\" class=\"attachment-large size-large wp-image-8208\" alt=\"\" srcset=\"https:\/\/www.yephabitat.fr\/wp-content\/uploads\/2026\/02\/3-5-819x1024.png 819w, https:\/\/www.yephabitat.fr\/wp-content\/uploads\/2026\/02\/3-5-240x300.png 240w, https:\/\/www.yephabitat.fr\/wp-content\/uploads\/2026\/02\/3-5-768x960.png 768w, https:\/\/www.yephabitat.fr\/wp-content\/uploads\/2026\/02\/3-5.png 1080w\" sizes=\"(max-width: 800px) 100vw, 800px\" \/>\t\t\t\t\t\t\t\t\t\t\t\t\t\t\t<\/div>\n\t\t\t\t<\/div>\n\t\t\t\t<div class=\"elementor-element elementor-element-b542d86 elementor-widget elementor-widget-heading\" data-id=\"b542d86\" data-element_type=\"widget\" data-e-type=\"widget\" data-widget_type=\"heading.default\">\n\t\t\t\t<div class=\"elementor-widget-container\">\n\t\t\t\t\t<h2 class=\"elementor-heading-title elementor-size-default\"><span style=\"font-family: MISO, sans-serif;font-size: 28px\">Maison individuelle - (31) Toulouse<\/span><\/h2>\t\t\t\t<\/div>\n\t\t\t\t<\/div>\n\t\t\t\t<div class=\"elementor-element elementor-element-44acbd5 elementor-widget elementor-widget-text-editor\" data-id=\"44acbd5\" data-element_type=\"widget\" data-e-type=\"widget\" data-widget_type=\"text-editor.default\">\n\t\t\t\t<div class=\"elementor-widget-container\">\n\t\t\t\t\t\t\t\t\t<ul><li><strong>Localisation : <\/strong><\/li><li><strong>Puissance : <\/strong><\/li><li><strong>Solution : <\/strong><\/li><li><strong>Garantie panneaux : <\/strong><\/li><li><strong>Garantie micro-onduleurs :\u00a0<\/strong><\/li><\/ul><p>\u00a0<\/p><p><strong>Pourquoi ce projet fonctionne ?<\/strong><\/p><p>Orientation id\u00e9ale, \u00e9tude solaire personnalis\u00e9e, pose en surimposition pour pr\u00e9server l\u2019\u00e9tanch\u00e9it\u00e9 de la toiture.<\/p>\t\t\t\t\t\t\t\t<\/div>\n\t\t\t\t<\/div>\n\t\t\t\t\t<\/div>\n\t\t<\/div>\n\t\t\t\t\t<\/div>\n\t\t<\/section>\n\t\t\t\t<\/div>\n\t\t\t\t<\/div>\n\t\t<\/div>\n\t\t\t\t\t<div class=\"elementor-swiper-button elementor-swiper-button-prev\" role=\"button\" tabindex=\"0\" aria-label=\"Pr\u00e9c\u00e9dent\">\n\t\t\t\t<i aria-hidden=\"true\" class=\"eicon-chevron-left\"><\/i>\t\t\t<\/div>\n\t\t\t<div class=\"elementor-swiper-button elementor-swiper-button-next\" role=\"button\" tabindex=\"0\" aria-label=\"Suivant\">\n\t\t\t\t<i aria-hidden=\"true\" class=\"eicon-chevron-right\"><\/i>\t\t\t<\/div>\n\t\t\t\t\t<div class=\"swiper-pagination\"><\/div>\n\t\t\t\t\t\t<\/div>\n\t\t\t\t<\/div>\n\t\t\t\t\t<\/div>\n\t\t<\/div>\n\t\t\t\t\t<\/div>\n\t\t<\/section>\n\t\t\t\t<\/div>\n\t\t","protected":false},"excerpt":{"rendered":"<p>Nos r\u00e9alisations photovolta\u00efques Depuis plus de 15 ans, Yep Habitat accompagne les particuliers et professionnels dans leur transition \u00e9nerg\u00e9tique en Occitanie. Chaque projet est unique. Chaque toiture raconte une histoire. Chaque installation est pens\u00e9e pour durer 30 ans. D\u00e9couvrez quelques-unes de nos r\u00e9alisations solaires.<\/p>\n","protected":false},"author":1,"featured_media":0,"parent":0,"menu_order":0,"comment_status":"closed","ping_status":"closed","template":"","meta":{"footnotes":""},"class_list":["post-76","page","type-page","status-publish","hentry"],"yoast_head":"<!-- This site is optimized with the Yoast SEO plugin v27.3 - https:\/\/yoast.com\/product\/yoast-seo-wordpress\/ -->\n<title>Nos R\u00e9alisations - YEP HABITAT | Installateur de panneaux photovolta\u00efques en Occitanie<\/title>\n<meta name=\"robots\" content=\"index, follow, max-snippet:-1, max-image-preview:large, max-video-preview:-1\" \/>\n<link rel=\"canonical\" href=\"https:\/\/www.yephabitat.fr\/?page_id=76\" \/>\n<meta property=\"og:locale\" content=\"fr_FR\" \/>\n<meta property=\"og:type\" content=\"article\" \/>\n<meta property=\"og:title\" content=\"Nos R\u00e9alisations - YEP HABITAT | Installateur de panneaux photovolta\u00efques en Occitanie\" \/>\n<meta property=\"og:description\" content=\"Nos r\u00e9alisations photovolta\u00efques Depuis plus de 15 ans, Yep Habitat accompagne les particuliers et professionnels dans leur transition \u00e9nerg\u00e9tique en Occitanie. Chaque projet est unique. Chaque toiture raconte une histoire. Chaque installation est pens\u00e9e pour durer 30 ans. D\u00e9couvrez quelques-unes de nos r\u00e9alisations solaires.\" \/>\n<meta property=\"og:url\" content=\"https:\/\/www.yephabitat.fr\/?page_id=76\" \/>\n<meta property=\"og:site_name\" content=\"YEP HABITAT | Installateur de panneaux photovolta\u00efques en Occitanie\" \/>\n<meta property=\"article:publisher\" content=\"https:\/\/www.facebook.com\/yephabitat\/\" \/>\n<meta property=\"article:modified_time\" content=\"2026-03-16T20:47:40+00:00\" \/>\n<meta property=\"og:image\" content=\"https:\/\/www.yephabitat.fr\/wp-content\/uploads\/elementor\/thumbs\/Forme-Yep-e1772012081441-rjo2rbzjt4qvkrldktngiz0sv3ji0qmyord9nugxoo.png\" \/>\n<meta name=\"twitter:card\" content=\"summary_large_image\" \/>\n<meta name=\"twitter:label1\" content=\"Dur\u00e9e de lecture estim\u00e9e\" \/>\n\t<meta name=\"twitter:data1\" content=\"7 minutes\" \/>\n<script type=\"application\/ld+json\" class=\"yoast-schema-graph\">{\"@context\":\"https:\\\/\\\/schema.org\",\"@graph\":[{\"@type\":\"WebPage\",\"@id\":\"https:\\\/\\\/www.yephabitat.fr\\\/?page_id=76\",\"url\":\"https:\\\/\\\/www.yephabitat.fr\\\/?page_id=76\",\"name\":\"Nos R\u00e9alisations - YEP HABITAT | Installateur de panneaux photovolta\u00efques en Occitanie\",\"isPartOf\":{\"@id\":\"https:\\\/\\\/www.yephabitat.fr\\\/#website\"},\"primaryImageOfPage\":{\"@id\":\"https:\\\/\\\/www.yephabitat.fr\\\/?page_id=76#primaryimage\"},\"image\":{\"@id\":\"https:\\\/\\\/www.yephabitat.fr\\\/?page_id=76#primaryimage\"},\"thumbnailUrl\":\"https:\\\/\\\/www.yephabitat.fr\\\/wp-content\\\/uploads\\\/elementor\\\/thumbs\\\/Forme-Yep-e1772012081441-rjo2rbzjt4qvkrldktngiz0sv3ji0qmyord9nugxoo.png\",\"datePublished\":\"2020-05-05T07:53:16+00:00\",\"dateModified\":\"2026-03-16T20:47:40+00:00\",\"breadcrumb\":{\"@id\":\"https:\\\/\\\/www.yephabitat.fr\\\/?page_id=76#breadcrumb\"},\"inLanguage\":\"fr-FR\",\"potentialAction\":[{\"@type\":\"ReadAction\",\"target\":[\"https:\\\/\\\/www.yephabitat.fr\\\/?page_id=76\"]}]},{\"@type\":\"ImageObject\",\"inLanguage\":\"fr-FR\",\"@id\":\"https:\\\/\\\/www.yephabitat.fr\\\/?page_id=76#primaryimage\",\"url\":\"https:\\\/\\\/www.yephabitat.fr\\\/wp-content\\\/uploads\\\/elementor\\\/thumbs\\\/Forme-Yep-e1772012081441-rjo2rbzjt4qvkrldktngiz0sv3ji0qmyord9nugxoo.png\",\"contentUrl\":\"https:\\\/\\\/www.yephabitat.fr\\\/wp-content\\\/uploads\\\/elementor\\\/thumbs\\\/Forme-Yep-e1772012081441-rjo2rbzjt4qvkrldktngiz0sv3ji0qmyord9nugxoo.png\"},{\"@type\":\"BreadcrumbList\",\"@id\":\"https:\\\/\\\/www.yephabitat.fr\\\/?page_id=76#breadcrumb\",\"itemListElement\":[{\"@type\":\"ListItem\",\"position\":1,\"name\":\"Accueil\",\"item\":\"https:\\\/\\\/www.yephabitat.fr\\\/\"},{\"@type\":\"ListItem\",\"position\":2,\"name\":\"Nos R\u00e9alisations\"}]},{\"@type\":\"WebSite\",\"@id\":\"https:\\\/\\\/www.yephabitat.fr\\\/#website\",\"url\":\"https:\\\/\\\/www.yephabitat.fr\\\/\",\"name\":\"Yep Habitat - isolation et travaux de r\u00e9novations \u00e9nerg\u00e9tiques en occitanie.\",\"description\":\"Dites YEP \u00e0 l&#039;autoconsommation solaire !\",\"publisher\":{\"@id\":\"https:\\\/\\\/www.yephabitat.fr\\\/#organization\"},\"potentialAction\":[{\"@type\":\"SearchAction\",\"target\":{\"@type\":\"EntryPoint\",\"urlTemplate\":\"https:\\\/\\\/www.yephabitat.fr\\\/?s={search_term_string}\"},\"query-input\":{\"@type\":\"PropertyValueSpecification\",\"valueRequired\":true,\"valueName\":\"search_term_string\"}}],\"inLanguage\":\"fr-FR\"},{\"@type\":\"Organization\",\"@id\":\"https:\\\/\\\/www.yephabitat.fr\\\/#organization\",\"name\":\"Yep Habitat - isolation et travaux de r\u00e9novations \u00e9nerg\u00e9tiques en occitanie.\",\"url\":\"https:\\\/\\\/www.yephabitat.fr\\\/\",\"logo\":{\"@type\":\"ImageObject\",\"inLanguage\":\"fr-FR\",\"@id\":\"https:\\\/\\\/www.yephabitat.fr\\\/#\\\/schema\\\/logo\\\/image\\\/\",\"url\":\"https:\\\/\\\/www.yephabitat.fr\\\/wp-content\\\/uploads\\\/2020\\\/12\\\/Logo-Yep-Habitat-300dpi-horizontal.jpg\",\"contentUrl\":\"https:\\\/\\\/www.yephabitat.fr\\\/wp-content\\\/uploads\\\/2020\\\/12\\\/Logo-Yep-Habitat-300dpi-horizontal.jpg\",\"width\":1181,\"height\":591,\"caption\":\"Yep Habitat - isolation et travaux de r\u00e9novations \u00e9nerg\u00e9tiques en occitanie.\"},\"image\":{\"@id\":\"https:\\\/\\\/www.yephabitat.fr\\\/#\\\/schema\\\/logo\\\/image\\\/\"},\"sameAs\":[\"https:\\\/\\\/www.facebook.com\\\/yephabitat\\\/\",\"https:\\\/\\\/www.instagram.com\\\/yep.habitat31\\\/\",\"https:\\\/\\\/www.linkedin.com\\\/company\\\/yep-habitat\\\/?viewAsMember=true\"]}]}<\/script>\n<!-- \/ Yoast SEO plugin. -->","yoast_head_json":{"title":"Nos R\u00e9alisations - YEP HABITAT | Installateur de panneaux photovolta\u00efques en Occitanie","robots":{"index":"index","follow":"follow","max-snippet":"max-snippet:-1","max-image-preview":"max-image-preview:large","max-video-preview":"max-video-preview:-1"},"canonical":"https:\/\/www.yephabitat.fr\/?page_id=76","og_locale":"fr_FR","og_type":"article","og_title":"Nos R\u00e9alisations - YEP HABITAT | Installateur de panneaux photovolta\u00efques en Occitanie","og_description":"Nos r\u00e9alisations photovolta\u00efques Depuis plus de 15 ans, Yep Habitat accompagne les particuliers et professionnels dans leur transition \u00e9nerg\u00e9tique en Occitanie. Chaque projet est unique. Chaque toiture raconte une histoire. Chaque installation est pens\u00e9e pour durer 30 ans. D\u00e9couvrez quelques-unes de nos r\u00e9alisations solaires.","og_url":"https:\/\/www.yephabitat.fr\/?page_id=76","og_site_name":"YEP HABITAT | Installateur de panneaux photovolta\u00efques en Occitanie","article_publisher":"https:\/\/www.facebook.com\/yephabitat\/","article_modified_time":"2026-03-16T20:47:40+00:00","og_image":[{"url":"https:\/\/www.yephabitat.fr\/wp-content\/uploads\/elementor\/thumbs\/Forme-Yep-e1772012081441-rjo2rbzjt4qvkrldktngiz0sv3ji0qmyord9nugxoo.png","type":"","width":"","height":""}],"twitter_card":"summary_large_image","twitter_misc":{"Dur\u00e9e de lecture estim\u00e9e":"7 minutes"},"schema":{"@context":"https:\/\/schema.org","@graph":[{"@type":"WebPage","@id":"https:\/\/www.yephabitat.fr\/?page_id=76","url":"https:\/\/www.yephabitat.fr\/?page_id=76","name":"Nos R\u00e9alisations - YEP HABITAT | Installateur de panneaux photovolta\u00efques en Occitanie","isPartOf":{"@id":"https:\/\/www.yephabitat.fr\/#website"},"primaryImageOfPage":{"@id":"https:\/\/www.yephabitat.fr\/?page_id=76#primaryimage"},"image":{"@id":"https:\/\/www.yephabitat.fr\/?page_id=76#primaryimage"},"thumbnailUrl":"https:\/\/www.yephabitat.fr\/wp-content\/uploads\/elementor\/thumbs\/Forme-Yep-e1772012081441-rjo2rbzjt4qvkrldktngiz0sv3ji0qmyord9nugxoo.png","datePublished":"2020-05-05T07:53:16+00:00","dateModified":"2026-03-16T20:47:40+00:00","breadcrumb":{"@id":"https:\/\/www.yephabitat.fr\/?page_id=76#breadcrumb"},"inLanguage":"fr-FR","potentialAction":[{"@type":"ReadAction","target":["https:\/\/www.yephabitat.fr\/?page_id=76"]}]},{"@type":"ImageObject","inLanguage":"fr-FR","@id":"https:\/\/www.yephabitat.fr\/?page_id=76#primaryimage","url":"https:\/\/www.yephabitat.fr\/wp-content\/uploads\/elementor\/thumbs\/Forme-Yep-e1772012081441-rjo2rbzjt4qvkrldktngiz0sv3ji0qmyord9nugxoo.png","contentUrl":"https:\/\/www.yephabitat.fr\/wp-content\/uploads\/elementor\/thumbs\/Forme-Yep-e1772012081441-rjo2rbzjt4qvkrldktngiz0sv3ji0qmyord9nugxoo.png"},{"@type":"BreadcrumbList","@id":"https:\/\/www.yephabitat.fr\/?page_id=76#breadcrumb","itemListElement":[{"@type":"ListItem","position":1,"name":"Accueil","item":"https:\/\/www.yephabitat.fr\/"},{"@type":"ListItem","position":2,"name":"Nos R\u00e9alisations"}]},{"@type":"WebSite","@id":"https:\/\/www.yephabitat.fr\/#website","url":"https:\/\/www.yephabitat.fr\/","name":"Yep Habitat - isolation et travaux de r\u00e9novations \u00e9nerg\u00e9tiques en occitanie.","description":"Dites YEP \u00e0 l&#039;autoconsommation solaire !","publisher":{"@id":"https:\/\/www.yephabitat.fr\/#organization"},"potentialAction":[{"@type":"SearchAction","target":{"@type":"EntryPoint","urlTemplate":"https:\/\/www.yephabitat.fr\/?s={search_term_string}"},"query-input":{"@type":"PropertyValueSpecification","valueRequired":true,"valueName":"search_term_string"}}],"inLanguage":"fr-FR"},{"@type":"Organization","@id":"https:\/\/www.yephabitat.fr\/#organization","name":"Yep Habitat - isolation et travaux de r\u00e9novations \u00e9nerg\u00e9tiques en occitanie.","url":"https:\/\/www.yephabitat.fr\/","logo":{"@type":"ImageObject","inLanguage":"fr-FR","@id":"https:\/\/www.yephabitat.fr\/#\/schema\/logo\/image\/","url":"https:\/\/www.yephabitat.fr\/wp-content\/uploads\/2020\/12\/Logo-Yep-Habitat-300dpi-horizontal.jpg","contentUrl":"https:\/\/www.yephabitat.fr\/wp-content\/uploads\/2020\/12\/Logo-Yep-Habitat-300dpi-horizontal.jpg","width":1181,"height":591,"caption":"Yep Habitat - isolation et travaux de r\u00e9novations \u00e9nerg\u00e9tiques en occitanie."},"image":{"@id":"https:\/\/www.yephabitat.fr\/#\/schema\/logo\/image\/"},"sameAs":["https:\/\/www.facebook.com\/yephabitat\/","https:\/\/www.instagram.com\/yep.habitat31\/","https:\/\/www.linkedin.com\/company\/yep-habitat\/?viewAsMember=true"]}]}},"_links":{"self":[{"href":"https:\/\/www.yephabitat.fr\/index.php?rest_route=\/wp\/v2\/pages\/76","targetHints":{"allow":["GET"]}}],"collection":[{"href":"https:\/\/www.yephabitat.fr\/index.php?rest_route=\/wp\/v2\/pages"}],"about":[{"href":"https:\/\/www.yephabitat.fr\/index.php?rest_route=\/wp\/v2\/types\/page"}],"author":[{"embeddable":true,"href":"https:\/\/www.yephabitat.fr\/index.php?rest_route=\/wp\/v2\/users\/1"}],"replies":[{"embeddable":true,"href":"https:\/\/www.yephabitat.fr\/index.php?rest_route=%2Fwp%2Fv2%2Fcomments&post=76"}],"version-history":[{"count":44,"href":"https:\/\/www.yephabitat.fr\/index.php?rest_route=\/wp\/v2\/pages\/76\/revisions"}],"predecessor-version":[{"id":8541,"href":"https:\/\/www.yephabitat.fr\/index.php?rest_route=\/wp\/v2\/pages\/76\/revisions\/8541"}],"wp:attachment":[{"href":"https:\/\/www.yephabitat.fr\/index.php?rest_route=%2Fwp%2Fv2%2Fmedia&parent=76"}],"curies":[{"name":"wp","href":"https:\/\/api.w.org\/{rel}","templated":true}]}}